{"id":31,"date":"2024-11-11T13:53:35","date_gmt":"2024-11-11T12:53:35","guid":{"rendered":"http:\/\/psarycz.cluster027.hosting.ovh.net\/?page_id=31"},"modified":"2025-04-02T17:19:13","modified_gmt":"2025-04-02T15:19:13","slug":"mediation","status":"publish","type":"page","link":"https:\/\/p-sary.com\/","title":{"rendered":"Patrick Sary"},"content":{"rendered":"\n<div class=\"wp-block-group\"><div class=\"wp-block-group__inner-container is-layout-constrained wp-block-group-is-layout-constrained\">\n<div class=\"wp-block-group\"><div class=\"wp-block-group__inner-container is-layout-constrained wp-block-group-is-layout-constrained\">\n<div class=\"wp-block-group\"><div class=\"wp-block-group__inner-container is-layout-constrained wp-block-group-is-layout-constrained\">\n<p class=\"has-text-align-left\">Apr\u00e8s mes \u00e9tudes de philosophie, passionn\u00e9 par la p\u00e9dagogie, et plus particuli\u00e8rement par l\u2019apprentissage et le d\u00e9veloppement des comp\u00e9tences, j\u2019ai occup\u00e9 divers postes en entreprise : animateur de r\u00e9seau, directeur des ventes, management et g\u00e9rance d\u2019entreprises.<\/p>\n\n\n\n<!--more-->\n\n\n\n<p class=\"has-text-align-left\">Je me suis form\u00e9 aux diverses techniques de communication&nbsp;: approche syst\u00e9mique, Analyse Transactionnelle, Programmation Neuro Linguistique dont j\u2019ai r\u00e9dig\u00e9 deux ouvrages, et Communication NonViolente.<\/p>\n\n\n\n<p class=\"has-text-align-left\">Au cours de ma carri\u00e8re, j\u2019ai eu \u00e0 former des personnels et ceci m\u2019a conduit \u00e0 la formation continue dont j\u2019ai fait mon m\u00e9tier en me sp\u00e9cialisant dans la formation pour adultes comme consultant et formateur.<\/p>\n\n\n\n<p class=\"has-text-align-left\">Ma d\u00e9couverte de l\u2019univers de la formation a marqu\u00e9 un tournant dans ma carri\u00e8re, m\u2019amenant \u00e0 me concentrer sur le d\u00e9veloppement des comp\u00e9tences,<\/p>\n\n\n\n<p class=\"has-text-align-left\">Ma conviction qui a guid\u00e9 mon parcours professionnel et personnel est que la vie est un cadre d\u2019apprentissage, c\u2019est un processus continu tout au long de la vie.<\/p>\n\n\n\n<p class=\"has-text-align-left\">J\u2019ai ainsi cr\u00e9\u00e9 la m\u00e9thode Mim\u00e9tec, m\u00e9thode de transfert de savoir-faire et de d\u00e9veloppement des comp\u00e9tences et la m\u00e9thode Profil Talent et Comp\u00e9tences, r\u00e9v\u00e9lation du processus d\u2019excellence propre et unique \u00e0 chaque personne.<\/p>\n\n\n\n<p class=\"has-text-align-left\">Et je me suis form\u00e9 \u00e0 la m\u00e9diation pour devenir un m\u00e9diateur sp\u00e9cialiste en r\u00e9solution des conflits en pratiquant la Communication NonViolente pour proposer les diff\u00e9rents types de m\u00e9diation : collaboratrice, facilitatrice, transformatrice et collective.<\/p>\n\n\n\n<p><\/p>\n<\/div><\/div>\n\n\n<div class=\"wp-block-image\">\n<figure class=\"aligncenter size-large is-resized\"><img loading=\"lazy\" decoding=\"async\" width=\"1024\" height=\"754\" src=\"http:\/\/p-sary.com\/wp-content\/uploads\/2024\/12\/\u00a9photosrebnicki-22-2-SAR60-1024x754.jpg\" alt=\"\" class=\"wp-image-85\" style=\"width:748px;height:auto\" srcset=\"https:\/\/p-sary.com\/wp-content\/uploads\/2024\/12\/\u00a9photosrebnicki-22-2-SAR60-1024x754.jpg 1024w, https:\/\/p-sary.com\/wp-content\/uploads\/2024\/12\/\u00a9photosrebnicki-22-2-SAR60-300x221.jpg 300w, https:\/\/p-sary.com\/wp-content\/uploads\/2024\/12\/\u00a9photosrebnicki-22-2-SAR60-768x566.jpg 768w, https:\/\/p-sary.com\/wp-content\/uploads\/2024\/12\/\u00a9photosrebnicki-22-2-SAR60.jpg 1181w\" sizes=\"auto, (max-width: 1024px) 100vw, 1024px\" \/><\/figure>\n<\/div><\/div><\/div>\n<\/div><\/div>\n","protected":false},"excerpt":{"rendered":"<p>Apr\u00e8s mes \u00e9tudes de philosophie, passionn\u00e9 par la p\u00e9dagogie, et plus particuli\u00e8rement par l\u2019apprentissage et le d\u00e9veloppement des comp\u00e9tences, j\u2019ai occup\u00e9 divers postes en entreprise : animateur de r\u00e9seau, directeur &#8230;<\/p>\n","protected":false},"author":2,"featured_media":0,"parent":0,"menu_order":0,"comment_status":"closed","ping_status":"closed","template":"template-frontpage.php","meta":{"_monsterinsights_skip_tracking":false,"_monsterinsights_sitenote_active":false,"_monsterinsights_sitenote_note":"","_monsterinsights_sitenote_category":0,"footnotes":""},"class_list":["post-31","page","type-page","status-publish","hentry"],"_links":{"self":[{"href":"https:\/\/p-sary.com\/index.php\/wp-json\/wp\/v2\/pages\/31","targetHints":{"allow":["GET"]}}],"collection":[{"href":"https:\/\/p-sary.com\/index.php\/wp-json\/wp\/v2\/pages"}],"about":[{"href":"https:\/\/p-sary.com\/index.php\/wp-json\/wp\/v2\/types\/page"}],"author":[{"embeddable":true,"href":"https:\/\/p-sary.com\/index.php\/wp-json\/wp\/v2\/users\/2"}],"replies":[{"embeddable":true,"href":"https:\/\/p-sary.com\/index.php\/wp-json\/wp\/v2\/comments?post=31"}],"version-history":[{"count":18,"href":"https:\/\/p-sary.com\/index.php\/wp-json\/wp\/v2\/pages\/31\/revisions"}],"predecessor-version":[{"id":154,"href":"https:\/\/p-sary.com\/index.php\/wp-json\/wp\/v2\/pages\/31\/revisions\/154"}],"wp:attachment":[{"href":"https:\/\/p-sary.com\/index.php\/wp-json\/wp\/v2\/media?parent=31"}],"curies":[{"name":"wp","href":"https:\/\/api.w.org\/{rel}","templated":true}]}}